{"id":1727,"date":"2026-01-22T12:41:33","date_gmt":"2026-01-22T17:41:33","guid":{"rendered":"https:\/\/3bf5e95595.nxcli.io\/?page_id=1727"},"modified":"2026-01-23T07:07:09","modified_gmt":"2026-01-23T12:07:09","slug":"references","status":"publish","type":"page","link":"https:\/\/tunisianlimestone.com\/fr\/references\/","title":{"rendered":"r\u00e9f\u00e9rences"},"content":{"rendered":"<div style=\"height:100px\" aria-hidden=\"true\" class=\"wp-block-spacer\"><\/div>\n\n\n\n<div class=\"wp-block-uagb-container uagb-block-2f179a9d alignfull uagb-is-root-container\"><div class=\"uagb-container-inner-blocks-wrap\">\n<div class=\"wp-block-uagb-advanced-heading uagb-block-b63e11bc\"><h1 class=\"uagb-heading-text\">references\u200b<\/h1><\/div>\n<\/div><\/div>\n\n\n\n<div class=\"wp-block-uagb-container uagb-block-0452d32b alignfull uagb-is-root-container\"><div class=\"uagb-container-inner-blocks-wrap\">\n<div class=\"wp-block-group is-content-justification-left is-nowrap is-layout-flex wp-container-core-group-is-layout-a1b15d37 wp-block-group-is-layout-flex\">\n<div class=\"wp-block-uagb-container uagb-block-6733f2c0\">\n<div class=\"wp-block-uagb-info-box uagb-block-db80e23a uagb-infobox__content-wrap  uagb-infobox-icon-above-title uagb-infobox-image-valign-top\"><div class=\"uagb-ifb-content\"><div class=\"uagb-ifb-title-wrap\"><h2 class=\"uagb-ifb-title-prefix\">Nos r\u00e9f\u00e9rences<\/h2><\/div><\/div><\/div>\n\n\n\n<p class=\"wp-block-paragraph\">Nous collaborons avec certains des plus grands cabinets d\u2019architecture aux \u00c9tats-Unis et fournissons plusieurs des distributeurs les plus importants et reconnus en Europe, aux \u00c9tats-Unis et au Moyen-Orient.\n\nVous trouverez ci-dessous une s\u00e9lection de projets r\u00e9alis\u00e9s.\n\nNous comprenons l\u2019importance de livrer des mat\u00e9riaux conformes aux plages de s\u00e9lection d\u00e9finies, tout en respectant strictement les d\u00e9lais impartis.<\/p>\n\n\n\n<p class=\"wp-block-paragraph\">Nous comprenons les exigences de qualit\u00e9 du march\u00e9 international et respectons vos imp\u00e9ratifs de d\u00e9lais ainsi que vos crit\u00e8res de s\u00e9lection.<\/p>\n\n\n\n<ul class=\"wp-block-list\">\n<li>\u00a0Four Seasons Hotel, Washington DC<\/li>\n\n\n\n<li>\u00a0Affinia Shelburne Hotel, New York, NY<\/li>\n\n\n\n<li>\u00a0Cinghiale, Charleston Group, Baltimore, MD<\/li>\n\n\n\n<li>\u00a0Jenner &amp; Block, Washington, DC<\/li>\n\n\n\n<li>\u00a0Rockport Capital, Washington, DC<\/li>\n\n\n\n<li>\u00a0Boeing, Washington, DC<\/li>\n\n\n\n<li>\u00a0605 3rd Ave Lobby, New York, NY<\/li>\n\n\n\n<li>\u00a0Latham &amp; Watkins, Doha, Qatar<\/li>\n\n\n\n<li>\u00a0American Embassy Tanzania,<\/li>\n\n\n\n<li>\u00a0Balzac\u2019s Coffee, Canada<\/li>\n\n\n\n<li>\u00a0Private Residence Cellino San Marco (BR) Italy<\/li>\n\n\n\n<li>\u00a0Private Residence Manapalan, FL<\/li>\n\n\n\n<li>\u00a0Private Residence Gibson Island, MD<\/li>\n\n\n\n<li>\u00a0Private Residence Jackson Hole, WY<\/li>\n\n\n\n<li>\u00a0Private Residence Mercer Island, WA<\/li>\n\n\n\n<li>\u00a0Private Residence San Diego, CA<\/li>\n\n\n\n<li>\u00a0Private Residences Washington, DC Various<\/li>\n<\/ul>\n<\/div>\n<\/div>\n\n\n\n<div class=\"wp-block-uagb-slider uagb-block-78c5ae2d uagb-slider-container\"><div class=\"uagb-slides uagb-swiper\"><div class=\"swiper-wrapper\">\n<div class=\"wp-block-uagb-slider-child uagb-slider-child-wrap swiper-slide uagb-block-95386b5c\"><div class=\"swiper-content\">\n<div class=\"wp-block-uagb-container uagb-block-ed6d7136\">\n<div class=\"wp-block-uagb-info-box uagb-block-a8c27fad uagb-infobox__content-wrap  uagb-infobox-icon-above-title uagb-infobox-image-valign-top\"><div class=\"uagb-ifb-content\"><div class=\"uagb-ifb-title-wrap\"><h3 class=\"uagb-ifb-title\">washington dc<\/h3><\/div><\/div><\/div>\n<\/div>\n<\/div><\/div>\n\n\n\n<div class=\"wp-block-uagb-slider-child uagb-slider-child-wrap swiper-slide uagb-block-aec61261\"><div class=\"swiper-content\">\n<div class=\"wp-block-uagb-container uagb-block-fabf50de\">\n<div class=\"wp-block-uagb-info-box uagb-block-84fdc87b uagb-infobox__content-wrap  uagb-infobox-icon-above-title uagb-infobox-image-valign-top\"><div class=\"uagb-ifb-content\"><div class=\"uagb-ifb-title-wrap\"><h3 class=\"uagb-ifb-title\">four seasons washington dc<\/h3><\/div><\/div><\/div>\n<\/div>\n<\/div><\/div>\n\n\n\n<div class=\"wp-block-uagb-slider-child uagb-slider-child-wrap swiper-slide uagb-block-3d28cc4f\"><div class=\"swiper-content\">\n<div class=\"wp-block-uagb-container uagb-block-ebe74840\">\n<div class=\"wp-block-uagb-info-box uagb-block-ed797acb uagb-infobox__content-wrap  uagb-infobox-icon-above-title uagb-infobox-image-valign-top\"><div class=\"uagb-ifb-content\"><div class=\"uagb-ifb-title-wrap\"><h3 class=\"uagb-ifb-title\">new york<\/h3><\/div><\/div><\/div>\n<\/div>\n<\/div><\/div>\n\n\n\n<div class=\"wp-block-uagb-slider-child uagb-slider-child-wrap swiper-slide uagb-block-416b92ee\"><div class=\"swiper-content\">\n<div class=\"wp-block-uagb-container uagb-block-8a6f6bc5\">\n<div class=\"wp-block-uagb-info-box uagb-block-18fdd4f7 uagb-infobox__content-wrap  uagb-infobox-icon-above-title uagb-infobox-image-valign-top\"><div class=\"uagb-ifb-content\"><div class=\"uagb-ifb-title-wrap\"><h3 class=\"uagb-ifb-title\">605 3rd ave new york<\/h3><\/div><\/div><\/div>\n<\/div>\n<\/div><\/div>\n\n\n\n<div class=\"wp-block-uagb-slider-child uagb-slider-child-wrap swiper-slide uagb-block-0f998cae\"><div class=\"swiper-content\">\n<div class=\"wp-block-uagb-container uagb-block-a40cf16a\">\n<div class=\"wp-block-uagb-info-box uagb-block-aa0cd55c uagb-infobox__content-wrap  uagb-infobox-icon-above-title uagb-infobox-image-valign-top\"><div class=\"uagb-ifb-content\"><div class=\"uagb-ifb-title-wrap\"><h3 class=\"uagb-ifb-title\">605 3rd ave new york<\/h3><\/div><\/div><\/div>\n<\/div>\n<\/div><\/div>\n\n\n\n<div class=\"wp-block-uagb-slider-child uagb-slider-child-wrap swiper-slide uagb-block-016ebd15\"><div class=\"swiper-content\">\n<div class=\"wp-block-uagb-container uagb-block-0e62b9d3\">\n<div class=\"wp-block-uagb-info-box uagb-block-9584bd20 uagb-infobox__content-wrap  uagb-infobox-icon-above-title uagb-infobox-image-valign-top\"><div class=\"uagb-ifb-content\"><div class=\"uagb-ifb-title-wrap\"><h3 class=\"uagb-ifb-title\">jenner &amp; block<\/h3><\/div><\/div><\/div>\n<\/div>\n<\/div><\/div>\n\n\n\n<div class=\"wp-block-uagb-slider-child uagb-slider-child-wrap swiper-slide uagb-block-29625b7a\"><div class=\"swiper-content\">\n<div class=\"wp-block-uagb-container uagb-block-01db8bb9\">\n<div class=\"wp-block-uagb-info-box uagb-block-bb43b6da uagb-infobox__content-wrap  uagb-infobox-icon-above-title uagb-infobox-image-valign-top\"><div class=\"uagb-ifb-content\"><div class=\"uagb-ifb-title-wrap\"><h3 class=\"uagb-ifb-title\">cinghiale baltimore<\/h3><\/div><\/div><\/div>\n<\/div>\n<\/div><\/div>\n\n\n\n<div class=\"wp-block-uagb-slider-child uagb-slider-child-wrap swiper-slide uagb-block-26907d64\"><div class=\"swiper-content\">\n<div class=\"wp-block-uagb-container uagb-block-6e589dd8\">\n<div class=\"wp-block-uagb-info-box uagb-block-46f1937f uagb-infobox__content-wrap  uagb-infobox-icon-above-title uagb-infobox-image-valign-top\"><div class=\"uagb-ifb-content\"><div class=\"uagb-ifb-title-wrap\"><h3 class=\"uagb-ifb-title\">washington dc<\/h3><\/div><\/div><\/div>\n<\/div>\n<\/div><\/div>\n\n\n\n<div class=\"wp-block-uagb-slider-child uagb-slider-child-wrap swiper-slide uagb-block-1879ce78\"><div class=\"swiper-content\">\n<div class=\"wp-block-uagb-container uagb-block-11edc453\">\n<div class=\"wp-block-uagb-info-box uagb-block-0564d133 uagb-infobox__content-wrap  uagb-infobox-icon-above-title uagb-infobox-image-valign-top\"><div class=\"uagb-ifb-content\"><div class=\"uagb-ifb-title-wrap\"><h3 class=\"uagb-ifb-title\">fairmont kea lani maui<\/h3><\/div><\/div><\/div>\n<\/div>\n<\/div><\/div>\n\n\n\n<div class=\"wp-block-uagb-slider-child uagb-slider-child-wrap swiper-slide uagb-block-2c65289a\"><div class=\"swiper-content\">\n<div class=\"wp-block-uagb-container uagb-block-24c5ea71\">\n<div class=\"wp-block-uagb-info-box uagb-block-33ebf2e9 uagb-infobox__content-wrap  uagb-infobox-icon-above-title uagb-infobox-image-valign-top\"><div class=\"uagb-ifb-content\"><div class=\"uagb-ifb-title-wrap\"><h3 class=\"uagb-ifb-title\">shelburne Hotel new york<\/h3><\/div><\/div><\/div>\n<\/div>\n<\/div><\/div>\n\n\n\n<div class=\"wp-block-uagb-slider-child uagb-slider-child-wrap swiper-slide uagb-block-4f19d736\"><div class=\"swiper-content\">\n<div class=\"wp-block-uagb-container uagb-block-211c13c5\">\n<div class=\"wp-block-uagb-info-box uagb-block-a23fd2b9 uagb-infobox__content-wrap  uagb-infobox-icon-above-title uagb-infobox-image-valign-top\"><div class=\"uagb-ifb-content\"><div class=\"uagb-ifb-title-wrap\"><h3 class=\"uagb-ifb-title\">washington dc<\/h3><\/div><\/div><\/div>\n<\/div>\n<\/div><\/div>\n<\/div><\/div><div class=\"swiper-pagination\"><\/div><div class=\"swiper-button-prev\"><\/div><div class=\"swiper-button-next\"><\/div><\/div>\n<\/div><\/div>\n\n\n\n<div class=\"wp-block-uagb-container uagb-block-558710cf alignfull uagb-is-root-container\"><\/div>","protected":false},"excerpt":{"rendered":"<p>references\u200b We work with the largest architectural firms in the USA and supply some of the largest well-known distributors located throughout Europe, USA, Middle East. In addition, you will find some of our projects listed below. We understand the importance of providing materials within selection ranges and on time. We understand the quality requirements of [&hellip;]<\/p>\n","protected":false},"author":1,"featured_media":0,"parent":0,"menu_order":0,"comment_status":"closed","ping_status":"closed","template":"","meta":{"_crdt_document":"","_uag_custom_page_level_css":"","site-sidebar-layout":"default","site-content-layout":"","ast-site-content-layout":"full-width-container","site-content-style":"unboxed","site-sidebar-style":"default","ast-global-header-display":"","ast-banner-title-visibility":"","ast-main-header-display":"","ast-hfb-above-header-display":"","ast-hfb-below-header-display":"","ast-hfb-mobile-header-display":"","site-post-title":"","ast-breadcrumbs-content":"","ast-featured-img":"","footer-sml-layout":"","ast-disable-related-posts":"","theme-transparent-header-meta":"","adv-header-id-meta":"","stick-header-meta":"","header-above-stick-meta":"","header-main-stick-meta":"","header-below-stick-meta":"","astra-migrate-meta-layouts":"set","ast-page-background-enabled":"default","ast-page-background-meta":{"desktop":{"background-color":"","background-image":"","background-repeat":"repeat","background-position":"center center","background-size":"auto","background-attachment":"scroll","background-type":"","background-media":"","overlay-type":"","overlay-color":"","overlay-opacity":"","overlay-gradient":""},"tablet":{"background-color":"","background-image":"","background-repeat":"repeat","background-position":"center center","background-size":"auto","background-attachment":"scroll","background-type":"","background-media":"","overlay-type":"","overlay-color":"","overlay-opacity":"","overlay-gradient":""},"mobile":{"background-color":"","background-image":"","background-repeat":"repeat","background-position":"center center","background-size":"auto","background-attachment":"scroll","background-type":"","background-media":"","overlay-type":"","overlay-color":"","overlay-opacity":"","overlay-gradient":""}},"ast-content-background-meta":{"desktop":{"background-color":"var(--ast-global-color-5)","background-image":"","background-repeat":"repeat","background-position":"center center","background-size":"auto","background-attachment":"scroll","background-type":"","background-media":"","overlay-type":"","overlay-color":"","overlay-opacity":"","overlay-gradient":""},"tablet":{"background-color":"var(--ast-global-color-5)","background-image":"","background-repeat":"repeat","background-position":"center center","background-size":"auto","background-attachment":"scroll","background-type":"","background-media":"","overlay-type":"","overlay-color":"","overlay-opacity":"","overlay-gradient":""},"mobile":{"background-color":"var(--ast-global-color-5)","background-image":"","background-repeat":"repeat","background-position":"center center","background-size":"auto","background-attachment":"scroll","background-type":"","background-media":"","overlay-type":"","overlay-color":"","overlay-opacity":"","overlay-gradient":""}},"footnotes":""},"class_list":["post-1727","page","type-page","status-publish","hentry"],"uagb_featured_image_src":{"full":false,"thumbnail":false,"medium":false,"medium_large":false,"large":false,"1536x1536":false,"2048x2048":false,"trp-custom-language-flag":false},"uagb_author_info":{"display_name":"adee4ca7_admin","author_link":"https:\/\/tunisianlimestone.com\/fr\/author\/adee4ca7_admin\/"},"uagb_comment_info":0,"uagb_excerpt":"references\u200b We work with the largest architectural firms in the USA and supply some of the largest well-known distributors located throughout Europe, USA, Middle East. In addition, you will find some of our projects listed below. We understand the importance of providing materials within selection ranges and on time. We understand the quality requirements of\u2026","_links":{"self":[{"href":"https:\/\/tunisianlimestone.com\/fr\/wp-json\/wp\/v2\/pages\/1727","targetHints":{"allow":["GET"]}}],"collection":[{"href":"https:\/\/tunisianlimestone.com\/fr\/wp-json\/wp\/v2\/pages"}],"about":[{"href":"https:\/\/tunisianlimestone.com\/fr\/wp-json\/wp\/v2\/types\/page"}],"author":[{"embeddable":true,"href":"https:\/\/tunisianlimestone.com\/fr\/wp-json\/wp\/v2\/users\/1"}],"replies":[{"embeddable":true,"href":"https:\/\/tunisianlimestone.com\/fr\/wp-json\/wp\/v2\/comments?post=1727"}],"version-history":[{"count":19,"href":"https:\/\/tunisianlimestone.com\/fr\/wp-json\/wp\/v2\/pages\/1727\/revisions"}],"predecessor-version":[{"id":1775,"href":"https:\/\/tunisianlimestone.com\/fr\/wp-json\/wp\/v2\/pages\/1727\/revisions\/1775"}],"wp:attachment":[{"href":"https:\/\/tunisianlimestone.com\/fr\/wp-json\/wp\/v2\/media?parent=1727"}],"curies":[{"name":"wp","href":"https:\/\/api.w.org\/{rel}","templated":true}]}}