{"id":218,"date":"2026-01-08T08:19:50","date_gmt":"2026-01-08T13:19:50","guid":{"rendered":"https:\/\/3bf5e95595.nxcli.io\/about\/"},"modified":"2026-01-26T10:11:34","modified_gmt":"2026-01-26T15:11:34","slug":"about","status":"publish","type":"page","link":"https:\/\/tunisianlimestone.com\/fr\/about\/","title":{"rendered":"\u00e0 propos"},"content":{"rendered":"<div style=\"height:100px\" aria-hidden=\"true\" class=\"wp-block-spacer\"><\/div>\n\n\n\n<div class=\"wp-block-uagb-container uagb-block-f6474934 alignfull uagb-is-root-container\"><div class=\"uagb-container-inner-blocks-wrap\">\n<div class=\"wp-block-uagb-advanced-heading uagb-block-b47deef7\"><h1 class=\"uagb-heading-text\">\u00c0 propos<\/h1><\/div>\n<\/div><\/div>\n\n\n\n<div class=\"wp-block-uagb-container uagb-block-da5d164a alignfull uagb-is-root-container\"><div class=\"uagb-container-inner-blocks-wrap\">\n<div class=\"wp-block-uagb-advanced-heading uagb-block-7d9c3655\"><h2 class=\"uagb-heading-text\">\u00c9tablie en 2000<\/h2><\/div>\n\n\n\n<div class=\"wp-block-uagb-container uagb-block-fdfc0364\">\n<div class=\"wp-block-uagb-info-box uagb-block-0ef86749 uagb-infobox__content-wrap  uagb-infobox-icon-above-title uagb-infobox-image-valign-top\"><div class=\"uagb-ifb-content\"><div class=\"uagb-ifb-title-wrap\"><span class=\"uagb-ifb-title-prefix\"><strong>Depuis 2000, les fondateurs de la **Soci\u00e9t\u00e9 DeZahra** cumulent plus de 20 ans d\u2019expertise sur le march\u00e9 de la pierre en Tunisie, intervenant aussi bien sur des projets commerciaux que r\u00e9sidentiels haut de gamme. <\/strong><\/span><\/div><p class=\"uagb-ifb-desc\"><br>Nous ma\u00eetrisons les exigences des march\u00e9s europ\u00e9en et am\u00e9ricain et veillons \u00e0 ce que nos produits respectent ces standards ainsi que l\u2019ensemble des crit\u00e8res de contr\u00f4le qualit\u00e9 requis.\n\nNous comptons de nombreuses r\u00e9f\u00e9rences de projets en Europe, \u00e0 Duba\u00ef et aux \u00c9tats-Unis.<br>Nous sommes un fournisseur tunisien de calcaire et proposons des marbres tunisiens \u00e0 une client\u00e8le internationale.\n\nNous assurons un suivi rigoureux de la qualit\u00e9, depuis la production jusqu\u2019au produit fini, et pilotons les plannings afin de garantir des livraisons dans les d\u00e9lais impartis.\n\nQue vous ayez besoin de blocs, de tranches, de carreaux ou de finitions sp\u00e9cifiques, nous disposons de l\u2019expertise n\u00e9cessaire pour naviguer dans ce march\u00e9 complexe et atteindre le niveau de qualit\u00e9 exig\u00e9 par vos clients, tout en pr\u00e9servant vos marges gr\u00e2ce \u00e0 une r\u00e9duction des pertes et des d\u00e9chets.\n\nPar ailleurs, nous entretenons des partenariats solides avec des soci\u00e9t\u00e9s logistiques, nous permettant d\u2019optimiser l\u2019acheminement des marchandises et de respecter les premiers cr\u00e9neaux d\u2019exp\u00e9dition disponibles.<br><br>Pour les projets de grande envergure, les architectes font appel \u00e0 nos services dans le cadre de r\u00e9alisations commerciales telles que les rev\u00eatements de fa\u00e7ades ext\u00e9rieures ou les carreaux d\u00e9coup\u00e9s sur mesure.\n\nNous conseillons les mat\u00e9riaux ayant \u00e9t\u00e9 test\u00e9s et adapt\u00e9s aux cycles gel-d\u00e9gel, fournissons les donn\u00e9es d\u2019essais techniques et identifions les pierres ayant d\u00e9montr\u00e9 des performances \u00e9prouv\u00e9es dans ces conditions.\n\nNous pouvons \u00e9galement mettre \u00e0 disposition des r\u00e9f\u00e9rences de projets r\u00e9alis\u00e9s dans des environnements similaires.\n\nPar ailleurs, nous organisons des pr\u00e9l\u00e8vements d\u2019\u00e9chantillons par lot tout au long du projet afin d\u2019effectuer des contr\u00f4les et de garantir la constance des mat\u00e9riaux conform\u00e9ment aux normes et aux exigences techniques d\u00e9finies.<br><br>Nous comprenons les exigences de qualit\u00e9 du march\u00e9 international et respectons vos imp\u00e9ratifs de d\u00e9lais ainsi que vos crit\u00e8res de s\u00e9lection.\n\nNous nous engageons \u00e0 :\n\n\u2022 Assurer une communication r\u00e9guli\u00e8re et r\u00e9active\n\u2022 Superviser \u00e9troitement la logistique afin de garantir des livraisons dans les d\u00e9lais\n\u2022 Veiller \u00e0 ce que les dimensions et les variations de couleur soient conformes aux exigences du client<\/p><\/div><\/div>\n\n\n\n<div class=\"wp-block-uagb-advanced-heading uagb-block-930e46bc\"><\/div>\n<\/div>\n<\/div><\/div>\n\n\n\n<div class=\"wp-block-uagb-container uagb-layout-grid uagb-block-e28cfc75 alignfull uagb-is-root-container\"><div class=\"uagb-container-inner-blocks-wrap\">\n<div class=\"wp-block-uagb-advanced-heading uagb-block-eda63079\"><h2 class=\"uagb-heading-text\">Notre mission<\/h2><p class=\"uagb-desc-text\">Fournir un calcaire tunisien haut de gamme avec int\u00e9grit\u00e9, pr\u00e9cision et un niveau de service sur lequel architectes et constructeurs peuvent compter.\n\nVersion l\u00e9g\u00e8rement plus affirm\u00e9e :\n\nOffrir un calcaire tunisien premium, alli\u00e9 \u00e0 l\u2019int\u00e9grit\u00e9, \u00e0 la pr\u00e9cision et \u00e0 un service fiable, au service des architectes et des b\u00e2tisseurs.<\/p><\/div>\n\n\n\n<div class=\"wp-block-uagb-advanced-heading uagb-block-85427a9f\"><h2 class=\"uagb-heading-text\">Notre vision<\/h2><p class=\"uagb-desc-text\">Devenir le partenaire pierre privil\u00e9gi\u00e9 des architectes et designers qui imaginent des espaces intemporels r\u00e9alis\u00e9s en pierre tunisienne.\n\nVersion l\u00e9g\u00e8rement plus ambitieuse :\n\nS\u2019imposer comme le partenaire de r\u00e9f\u00e9rence des architectes et designers concevant des espaces durables et intemporels en pierre tunisienne.<\/p><\/div>\n\n\n\n<div class=\"wp-block-uagb-container uagb-block-f0a15929\">\n<div class=\"wp-block-uagb-advanced-heading uagb-block-148f71c6\"><h2 class=\"uagb-heading-text\">Nos valeurs<\/h2><\/div>\n\n\n\n<div class=\"wp-block-uagb-icon-list uagb-block-be0f6192\"><div class=\"uagb-icon-list__wrap\">\n<div class=\"wp-block-uagb-icon-list-child uagb-block-b1e98b3c\"><a target=\"_self\" aria-label=\"Respect des d\u00e9lais et des budgets\" rel=\"noopener noreferrer\" href=\"#\"> <\/a><span class=\"uagb-icon-list__source-wrap\"><svg xmlns=\"https:\/\/www.w3.org\/2000\/svg\" viewbox=\"0 0 256 512\"><path d=\"M118.6 105.4l128 127.1C252.9 239.6 256 247.8 256 255.1s-3.125 16.38-9.375 22.63l-128 127.1c-9.156 9.156-22.91 11.9-34.88 6.943S64 396.9 64 383.1V128c0-12.94 7.781-24.62 19.75-29.58S109.5 96.23 118.6 105.4z\"><\/path><\/svg><\/span><span class=\"uagb-icon-list__label\">Respect des d\u00e9lais et des budgets<\/span><\/div>\n\n\n\n<div class=\"wp-block-uagb-icon-list-child uagb-block-bab344fa\"><a target=\"_self\" aria-label=\"Experts en logistique\" rel=\"noopener noreferrer\" href=\"#\"> <\/a><span class=\"uagb-icon-list__source-wrap\"><svg xmlns=\"https:\/\/www.w3.org\/2000\/svg\" viewbox=\"0 0 256 512\"><path d=\"M118.6 105.4l128 127.1C252.9 239.6 256 247.8 256 255.1s-3.125 16.38-9.375 22.63l-128 127.1c-9.156 9.156-22.91 11.9-34.88 6.943S64 396.9 64 383.1V128c0-12.94 7.781-24.62 19.75-29.58S109.5 96.23 118.6 105.4z\"><\/path><\/svg><\/span><span class=\"uagb-icon-list__label\">Experts en logistique<\/span><\/div>\n\n\n\n<div class=\"wp-block-uagb-icon-list-child uagb-block-848cfa54\"><a target=\"_self\" aria-label=\"Communication transparente et proactive\" rel=\"noopener noreferrer\" href=\"#\"> <\/a><span class=\"uagb-icon-list__source-wrap\"><svg xmlns=\"https:\/\/www.w3.org\/2000\/svg\" viewbox=\"0 0 256 512\"><path d=\"M118.6 105.4l128 127.1C252.9 239.6 256 247.8 256 255.1s-3.125 16.38-9.375 22.63l-128 127.1c-9.156 9.156-22.91 11.9-34.88 6.943S64 396.9 64 383.1V128c0-12.94 7.781-24.62 19.75-29.58S109.5 96.23 118.6 105.4z\"><\/path><\/svg><\/span><span class=\"uagb-icon-list__label\">Communication transparente et proactive<\/span><\/div>\n<\/div><\/div>\n<\/div>\n<\/div><\/div>","protected":false},"excerpt":{"rendered":"<p>About\u200b us Established in 2000\u200b Mission\u200b Deliver premium Tunisian limestone with integrity, precision, and service architects and builders can rely on. Vision\u200b To become the preferred stone partner for architects and designers envisioning timeless spaces built with Tunisian stone materials. Values\u200b<\/p>","protected":false},"author":1,"featured_media":0,"parent":0,"menu_order":0,"comment_status":"closed","ping_status":"closed","template":"","meta":{"_crdt_document":"","_uag_custom_page_level_css":"","site-sidebar-layout":"no-sidebar","site-content-layout":"plain-container","ast-site-content-layout":"full-width-container","site-content-style":"unboxed","site-sidebar-style":"unboxed","ast-global-header-display":"","ast-banner-title-visibility":"","ast-main-header-display":"","ast-hfb-above-header-display":"","ast-hfb-below-header-display":"","ast-hfb-mobile-header-display":"","site-post-title":"disabled","ast-breadcrumbs-content":"","ast-featured-img":"disabled","footer-sml-layout":"","ast-disable-related-posts":"","theme-transparent-header-meta":"enabled","adv-header-id-meta":"","stick-header-meta":"","header-above-stick-meta":"","header-main-stick-meta":"","header-below-stick-meta":"","astra-migrate-meta-layouts":"set","ast-page-background-enabled":"default","ast-page-background-meta":{"desktop":{"background-color":"","background-image":"","background-repeat":"repeat","background-position":"center center","background-size":"auto","background-attachment":"scroll","background-type":"","background-media":"","overlay-type":"","overlay-color":"","overlay-opacity":"","overlay-gradient":""},"tablet":{"background-color":"","background-image":"","background-repeat":"repeat","background-position":"center center","background-size":"auto","background-attachment":"scroll","background-type":"","background-media":"","overlay-type":"","overlay-color":"","overlay-opacity":"","overlay-gradient":""},"mobile":{"background-color":"","background-image":"","background-repeat":"repeat","background-position":"center center","background-size":"auto","background-attachment":"scroll","background-type":"","background-media":"","overlay-type":"","overlay-color":"","overlay-opacity":"","overlay-gradient":""}},"ast-content-background-meta":{"desktop":{"background-color":"var(--ast-global-color-5)","background-image":"","background-repeat":"repeat","background-position":"center center","background-size":"auto","background-attachment":"scroll","background-type":"","background-media":"","overlay-type":"","overlay-color":"","overlay-opacity":"","overlay-gradient":""},"tablet":{"background-color":"var(--ast-global-color-5)","background-image":"","background-repeat":"repeat","background-position":"center center","background-size":"auto","background-attachment":"scroll","background-type":"","background-media":"","overlay-type":"","overlay-color":"","overlay-opacity":"","overlay-gradient":""},"mobile":{"background-color":"var(--ast-global-color-5)","background-image":"","background-repeat":"repeat","background-position":"center center","background-size":"auto","background-attachment":"scroll","background-type":"","background-media":"","overlay-type":"","overlay-color":"","overlay-opacity":"","overlay-gradient":""}},"footnotes":""},"class_list":["post-218","page","type-page","status-publish","hentry"],"uagb_featured_image_src":{"full":false,"thumbnail":false,"medium":false,"medium_large":false,"large":false,"1536x1536":false,"2048x2048":false,"trp-custom-language-flag":false},"uagb_author_info":{"display_name":"adee4ca7_admin","author_link":"https:\/\/tunisianlimestone.com\/fr\/author\/adee4ca7_admin\/"},"uagb_comment_info":0,"uagb_excerpt":"About\u200b us Established in 2000\u200b Mission\u200b Deliver premium Tunisian limestone with integrity, precision, and service architects and builders can rely on. Vision\u200b To become the preferred stone partner for architects and designers envisioning timeless spaces built with Tunisian stone materials. Values\u200b","_links":{"self":[{"href":"https:\/\/tunisianlimestone.com\/fr\/wp-json\/wp\/v2\/pages\/218","targetHints":{"allow":["GET"]}}],"collection":[{"href":"https:\/\/tunisianlimestone.com\/fr\/wp-json\/wp\/v2\/pages"}],"about":[{"href":"https:\/\/tunisianlimestone.com\/fr\/wp-json\/wp\/v2\/types\/page"}],"author":[{"embeddable":true,"href":"https:\/\/tunisianlimestone.com\/fr\/wp-json\/wp\/v2\/users\/1"}],"replies":[{"embeddable":true,"href":"https:\/\/tunisianlimestone.com\/fr\/wp-json\/wp\/v2\/comments?post=218"}],"version-history":[{"count":6,"href":"https:\/\/tunisianlimestone.com\/fr\/wp-json\/wp\/v2\/pages\/218\/revisions"}],"predecessor-version":[{"id":1931,"href":"https:\/\/tunisianlimestone.com\/fr\/wp-json\/wp\/v2\/pages\/218\/revisions\/1931"}],"wp:attachment":[{"href":"https:\/\/tunisianlimestone.com\/fr\/wp-json\/wp\/v2\/media?parent=218"}],"curies":[{"name":"wp","href":"https:\/\/api.w.org\/{rel}","templated":true}]}}