{"id":219,"date":"2026-01-08T08:19:50","date_gmt":"2026-01-08T13:19:50","guid":{"rendered":"https:\/\/3bf5e95595.nxcli.io\/services\/"},"modified":"2026-01-23T13:02:51","modified_gmt":"2026-01-23T18:02:51","slug":"handcut-mosaics-2","status":"publish","type":"page","link":"https:\/\/tunisianlimestone.com\/fr\/handcut-mosaics-2\/","title":{"rendered":"mosa\u00efques"},"content":{"rendered":"<div style=\"height:100px\" aria-hidden=\"true\" class=\"wp-block-spacer\"><\/div>\n\n\n\n<div class=\"wp-block-uagb-container uagb-block-c1e2fce7 alignfull uagb-is-root-container\"><div class=\"uagb-container-inner-blocks-wrap\">\n<div class=\"wp-block-uagb-advanced-heading uagb-block-c767fabd\"><h1 class=\"uagb-heading-text\">Mosa\u00efques fa\u00e7onn\u00e9es \u00e0 la main<\/h1><\/div>\n<\/div><\/div>\n\n\n\n<div class=\"wp-block-uagb-container uagb-block-92758601 alignfull uagb-is-root-container\"><div class=\"uagb-container-inner-blocks-wrap\">\n<div class=\"wp-block-uagb-container uagb-block-8ed2340c\">\n<div class=\"wp-block-uagb-info-box uagb-block-83f3c3f0 uagb-infobox__content-wrap  uagb-infobox-icon-above-title uagb-infobox-image-valign-top\"><div class=\"uagb-ifb-content\"><div class=\"uagb-ifb-title-wrap\"><h2 class=\"uagb-ifb-title\"><strong>nos mosaiques&nbsp;<\/strong><\/h2><\/div><p class=\"uagb-ifb-desc\">Nos mosa\u00efques taill\u00e9es \u00e0 la main comptent parmi les meilleures au monde. Fabriqu\u00e9es en Tunisie, nos mosa\u00efques de luxe sur mesure se retrouvent dans certaines des salles d\u2019exposition de carrelage et de pierre les plus exclusives \u00e0 travers le monde.<br><br>La Tunisie poss\u00e8de une longue tradition dans cet artisanat et demeure, aujourd\u2019hui encore, reconnue pour l\u2019abondance exceptionnelle de ses ressources\u2026&nbsp;<a href=\"http:\/\/www.getty.edu\/conservation\/publications\/newsletters\/17_1\/news_in_cons2.html\" target=\"_blank\" rel=\"noopener\">ainsi que pour ses mosa\u00efques remarquablement bien conserv\u00e9es.<\/a>&nbsp;\u2026au monde. Situ\u00e9e \u00e0 seulement 87 miles au sud de l\u2019Italie, Tunisie a \u00e9t\u00e9 profond\u00e9ment influenc\u00e9e par la culture romaine.\n\nLa Tunisie abrite l\u2019ancienne cit\u00e9 de Carthage, l\u2019une des r\u00e9gions les plus prosp\u00e8res de l\u2019Empire romain. Carthage \u00e9tait r\u00e9put\u00e9e pour ses artisans hautement qualifi\u00e9s ainsi que pour la disponibilit\u00e9 de marbres particuli\u00e8rement pris\u00e9s.\n\nAujourd\u2019hui encore, cet art de la mosa\u00efque demeure un m\u00e9tier vivant et dynamique. Depuis des si\u00e8cles, les artisans tunisiens produisent une grande partie des magnifiques mosa\u00efques destin\u00e9es \u00e0 l\u2019Europe. Leur savoir-faire exceptionnel a longtemps constitu\u00e9 le secret discret derri\u00e8re de nombreuses r\u00e9alisations attribu\u00e9es aux ateliers italiens.<br><br>Nous cr\u00e9ons des mosa\u00efques sur mesure en utilisant les m\u00eames pierres semi-pr\u00e9cieuses que celles employ\u00e9es dans les \u0153uvres r\u00e9alis\u00e9es en Italie et \u00e0 travers l\u2019Empire romain. Nombre des pierres semi-pr\u00e9cieuses utilis\u00e9es sont d\u2019ailleurs originaires de Tunisie.\n\nNous r\u00e9alisons des reproductions de pi\u00e8ces historiques ainsi que des motifs d\u2019incrustation uniques, adapt\u00e9s aussi bien aux espaces contemporains qu\u2019aux lieux plus traditionnels. Plusieurs de nos cr\u00e9ations int\u00e8grent des c\u00e9ramiques anciennes r\u00e9cup\u00e9r\u00e9es, associ\u00e9es \u00e0 nos pierres tunisiennes.\n\nNous produisons des mosa\u00efques et des m\u00e9daillons mont\u00e9s sur trame (filet), pr\u00eats \u00e0 la pose.<\/p><\/div><\/div>\n<\/div>\n\n\n\n<div class=\"wp-block-uagb-image uagb-block-704d8fd3 wp-block-uagb-image--layout-default wp-block-uagb-image--effect-static wp-block-uagb-image--align-none\"><figure class=\"wp-block-uagb-image__figure\"><img decoding=\"async\" srcset=\"https:\/\/tunisianlimestone.com\/wp-content\/uploads\/2026\/01\/mosaic-carpet-custom-design-stone-tub-683x1024.jpg ,https:\/\/tunisianlimestone.com\/wp-content\/uploads\/2026\/01\/mosaic-carpet-custom-design-stone-tub.jpg 780w, https:\/\/tunisianlimestone.com\/wp-content\/uploads\/2026\/01\/mosaic-carpet-custom-design-stone-tub.jpg 360w\" sizes=\"auto, (max-width: 480px) 150px\" src=\"https:\/\/tunisianlimestone.com\/wp-content\/uploads\/2026\/01\/mosaic-carpet-custom-design-stone-tub-683x1024.jpg\" alt=\"\" class=\"uag-image-1791\" width=\"570\" height=\"380\" title=\"mosaic-carpet-custom-design-stone-tub\" loading=\"lazy\" role=\"img\"\/><\/figure><\/div>\n<\/div><\/div>\n\n\n\n<div class=\"wp-block-uagb-container uagb-block-ce4d5f76 alignfull uagb-is-root-container\"><div class=\"uagb-container-inner-blocks-wrap\">\n<div class=\"wp-block-uagb-container uagb-block-eab20b9c\">\n<div class=\"wp-block-uagb-info-box uagb-block-89e1a057 uagb-infobox__content-wrap  uagb-infobox-icon-above-title uagb-infobox-image-valign-top\"><div class=\"uagb-ifb-content\"><div class=\"uagb-ifb-title-wrap\"><h2 class=\"uagb-ifb-title\"><strong>processus de conception de mosa\u00efques sur mesure**&nbsp;<\/strong><\/h2><\/div><p class=\"uagb-ifb-desc\">Nous collaborons avec des clients priv\u00e9s, des designers, des architectes, des showrooms de carrelage ainsi que des constructeurs afin d\u2019\u00e9valuer, de prescrire et de cr\u00e9er des motifs de sols en mosa\u00efque, en incrustation ou en marqueterie de pierre \u00e0 partir de nos pierres semi-pr\u00e9cieuses.\n\nNotre processus de conception repose sur une compr\u00e9hension approfondie des go\u00fbts et de la personnalit\u00e9 du client, afin de saisir pleinement la vision de la cr\u00e9ation finale. Nous associons cette approche \u00e0 notre connaissance des styles historiques et d\u2019\u00e9poque pour d\u00e9velopper un concept authentique et harmonieux.&nbsp;&nbsp;<br>**Consultation initiale** \u2013 Elle d\u00e9bute g\u00e9n\u00e9ralement d\u00e8s la phase de plans du projet. Les images d\u2019inspiration et les styles architecturaux sont affin\u00e9s \u00e0 ce stade. Les plans techniques sont particuli\u00e8rement utiles.\n\nVous pouvez \u00e9galement r\u00e9aliser un plan d\u2019implantation de l\u2019espace, en indiquant les portes, baignoires, toilettes, meubles-lavabos et armoires, lavabos sur colonne, prises \u00e9lectriques ainsi que les bouches de ventilation et de climatisation (CVC).<br><br>Pour les projets commerciaux, une r\u00e9vision technique compl\u00e9mentaire est effectu\u00e9e en fonction de l\u2019application et de l\u2019usage pr\u00e9vus. Des \u00e9changes approfondis avec l\u2019entrepreneur et l\u2019architecte sont indispensables afin d\u2019assurer la conformit\u00e9 technique et la bonne mise en \u0153uvre du projet.<br><br><strong>Rendus et visualisations <\/strong>\u2013 Pour les projets de plus grande envergure, nous pr\u00e9sentons un mood board (planche d\u2019inspiration) pour chaque pi\u00e8ce ainsi que des rendus des espaces. Cette \u00e9tape est r\u00e9alis\u00e9e en \u00e9troite collaboration avec le designer et le client.\n\nSp\u00e9cialis\u00e9s dans la conception des surfaces dures, nous devenons un v\u00e9ritable atout compl\u00e9mentaire pour vous et votre designer tout au long du processus de cr\u00e9ation.<br><strong>\u00c9tude et validation du budget<\/strong> \u2013 Une fois la vision d\u00e9finie, nous travaillons en collaboration avec le designer et le client afin de d\u00e9terminer l\u2019enveloppe budg\u00e9taire appropri\u00e9e pour chaque espace.<br><br>Des plans et sp\u00e9cifications d\u2019installation d\u00e9taill\u00e9s sont fournis \u00e0 l\u2019architecte et \u00e0 l\u2019entrepreneur. Des services compl\u00e9mentaires sont \u00e9galement propos\u00e9s, tels que des consultations d\u2019assistance \u00e0 l\u2019installation sur chantier, selon les besoins du projet.<\/p><\/div><\/div>\n<\/div>\n\n\n\n<div class=\"wp-block-uagb-image uagb-block-379adfa9 wp-block-uagb-image--layout-default wp-block-uagb-image--effect-static wp-block-uagb-image--align-none\"><figure class=\"wp-block-uagb-image__figure\"><img decoding=\"async\" srcset=\"https:\/\/tunisianlimestone.com\/wp-content\/uploads\/2026\/01\/micro-mosaic-craftmanship-1024x683.jpg ,https:\/\/tunisianlimestone.com\/wp-content\/uploads\/2026\/01\/micro-mosaic-craftmanship.jpg 780w, https:\/\/tunisianlimestone.com\/wp-content\/uploads\/2026\/01\/micro-mosaic-craftmanship.jpg 360w\" sizes=\"auto, (max-width: 480px) 150px\" src=\"https:\/\/tunisianlimestone.com\/wp-content\/uploads\/2026\/01\/micro-mosaic-craftmanship-1024x683.jpg\" alt=\"\" class=\"uag-image-1793\" width=\"570\" height=\"380\" title=\"micro-mosaic-craftmanship\" loading=\"lazy\" role=\"img\"\/><\/figure><\/div>\n<\/div><\/div>\n\n\n\n<div class=\"wp-block-uagb-container uagb-block-0fa8dc87 alignfull uagb-is-root-container\"><div class=\"uagb-container-inner-blocks-wrap\">\n<div class=\"wp-block-uagb-image uagb-block-95ad5af2 wp-block-uagb-image--layout-default wp-block-uagb-image--effect-static wp-block-uagb-image--align-none\"><figure class=\"wp-block-uagb-image__figure\"><img decoding=\"async\" srcset=\"https:\/\/tunisianlimestone.com\/wp-content\/uploads\/2026\/01\/hand-assembly-mosaic-carpet-1024x683.jpg ,https:\/\/tunisianlimestone.com\/wp-content\/uploads\/2026\/01\/hand-assembly-mosaic-carpet.jpg 780w, https:\/\/tunisianlimestone.com\/wp-content\/uploads\/2026\/01\/hand-assembly-mosaic-carpet.jpg 360w\" sizes=\"auto, (max-width: 480px) 150px\" src=\"https:\/\/tunisianlimestone.com\/wp-content\/uploads\/2026\/01\/hand-assembly-mosaic-carpet-1024x683.jpg\" alt=\"\" class=\"uag-image-1792\" width=\"1024\" height=\"683\" title=\"hand-assembly-mosaic-carpet\" loading=\"lazy\" role=\"img\"\/><\/figure><\/div>\n<\/div><\/div>\n\n\n\n<div class=\"wp-block-uagb-container uagb-block-715fd29f alignfull uagb-is-root-container\"><div class=\"uagb-container-inner-blocks-wrap\">\n<div class=\"wp-block-uagb-info-box uagb-block-f179cbd3 uagb-infobox__content-wrap  uagb-infobox-icon-above-title uagb-infobox-image-valign-top\"><div class=\"uagb-ifb-content\"><div class=\"uagb-ifb-title-wrap\"><h2 class=\"uagb-ifb-title\">Pr\u00eat \u00e0 lancer votre commande<\/h2><\/div><p class=\"uagb-ifb-desc\"><br>Si vous avez d\u00e9j\u00e0 un design en t\u00eate, vous pouvez commencer d\u00e8s aujourd\u2019hui !\n\nSi vous avez besoin d\u2019inspiration, nous pouvons \u00e9galement vous proposer des ressources pour vous accompagner. N\u2019h\u00e9sitez pas \u00e0 nous appeler :<br>1. Envoyez-nous une image ou un design, provenant de notre site web ou d\u2019une autre source d\u2019inspiration, accompagn\u00e9 d\u2019un plan de l\u2019espace avec les dimensions, en indiquant les baignoires, toilettes, meubles, etc.\n\nConsultez nos \u00e9chantillons de couleurs et pr\u00e9cisez la combinaison que vous pr\u00e9f\u00e9rez.<br>2. \u00c0 r\u00e9ception de votre dossier, nous conviendrons d\u2019un rendez-vous afin d\u2019examiner votre projet et d\u2019\u00e9laborer une estimation pr\u00e9liminaire.\n\nApr\u00e8s validation du devis, nous proc\u00e9derons au lancement de la conception et de la production.&nbsp;<br>3. Un rendu num\u00e9rique du design, accompagn\u00e9 de propositions de couleurs, sera pr\u00e9par\u00e9. La s\u00e9lection des teintes sera ensuite finalis\u00e9e et un petit \u00e9chantillon de la combinaison approuv\u00e9e sera r\u00e9alis\u00e9.\n\nUne image num\u00e9rique vous sera envoy\u00e9e par e-mail et, si vous le souhaitez, un \u00e9chantillon physique pourra \u00e9galement vous \u00eatre exp\u00e9di\u00e9.&nbsp;&nbsp;<br><br><strong>Conseils &amp; recommandations<\/strong>:<br>Envisagez de cr\u00e9er un gabarit pr\u00e9cis de l\u2019implantation de votre mosa\u00efque.\n\n\u00c0 l\u2019aide d\u2019un papier kraft \u00e9pais, vous pouvez le disposer directement dans la pi\u00e8ce et le d\u00e9couper aux dimensions exactes. Il peut \u00eatre n\u00e9cessaire d\u2019assembler plusieurs sections afin de reproduire l\u2019ensemble de l\u2019espace.<br>Pour les frises, pr\u00e9cisez si la surface concern\u00e9e est un mur ou un sol, ainsi que l\u2019emplacement exact de la bordure sur le gabarit.\n\nPar exemple, si vous souhaitez que la frise d\u00e9bute \u00e0 10 cm du mur, indiquez clairement cette mesure sur le plan.<br>Le sens de pose du champ de mosa\u00efque, qu\u2019il soit \u00e0 l\u2019int\u00e9rieur ou \u00e0 l\u2019ext\u00e9rieur d\u2019une bordure, doit \u00eatre clairement indiqu\u00e9 (pose droite ou en diagonale).<br>Indiquez sur le plan tous les num\u00e9ros de r\u00e9f\u00e9rence, le nom de la pi\u00e8ce ainsi que le nom du designer ou de l\u2019architecte.<br>Contactez-nous d\u00e8s maintenant pour une estimation personnalis\u00e9e de votre mosa\u00efque \u00e0 l\u2019adresse suivante : **[moez@tunisianlimestone.com](mailto:moez@tunisianlimestone.com)**<\/p><\/div><\/div>\n<\/div><\/div>\n\n\n\n<div class=\"wp-block-uagb-image uagb-block-0d9ec1c6 wp-block-uagb-image--layout-default wp-block-uagb-image--effect-static wp-block-uagb-image--align-none\"><figure class=\"wp-block-uagb-image__figure\"><img decoding=\"async\" srcset=\"https:\/\/tunisianlimestone.com\/wp-content\/uploads\/2026\/01\/ChatGPT-Image-Jan-23-2026-01_17_47-PM.png ,https:\/\/tunisianlimestone.com\/wp-content\/uploads\/2026\/01\/ChatGPT-Image-Jan-23-2026-01_17_47-PM.png 780w, https:\/\/tunisianlimestone.com\/wp-content\/uploads\/2026\/01\/ChatGPT-Image-Jan-23-2026-01_17_47-PM.png 360w\" sizes=\"auto, (max-width: 480px) 150px\" src=\"https:\/\/tunisianlimestone.com\/wp-content\/uploads\/2026\/01\/ChatGPT-Image-Jan-23-2026-01_17_47-PM.png\" alt=\"\" class=\"uag-image-1777\" width=\"1536\" height=\"1024\" title=\"ChatGPT Image Jan 23, 2026, 01_17_47 PM\" loading=\"lazy\" role=\"img\"\/><\/figure><\/div>\n\n\n\n<div class=\"wp-block-uagb-container uagb-block-86377b56 alignfull uagb-is-root-container\"><div class=\"uagb-container-inner-blocks-wrap\">\n<div class=\"wp-block-uagb-container uagb-block-91bed0c0\">\n<div class=\"wp-block-uagb-info-box uagb-block-99684e07 uagb-infobox__content-wrap  uagb-infobox-icon-above-title uagb-infobox-image-valign-top\"><div class=\"uagb-ifb-content\"><div class=\"uagb-ifb-title-wrap\"><h2 class=\"uagb-ifb-title\">Assistance en conception et projets commerciaux<\/h2><\/div><p class=\"uagb-ifb-desc\"><strong>Services de conception<\/strong>Nous poss\u00e9dons une expertise couvrant diff\u00e9rentes p\u00e9riodes historiques, avec une attention particuli\u00e8re port\u00e9e aux influences italiennes, romaines et m\u00e9diterran\u00e9ennes.\n\nNous r\u00e9alisons des reproductions authentiques de pi\u00e8ces anciennes en nous appuyant sur notre biblioth\u00e8que riche de nombreux ouvrages de r\u00e9f\u00e9rence, une collection constitu\u00e9e au fil de plusieurs d\u00e9cennies.\n\nPar ailleurs, nous d\u00e9veloppons des cr\u00e9ations sur mesure issues d\u2019une collaboration \u00e9troite avec le client ou le designer, ou simplement inspir\u00e9es par l\u2019esprit du lieu lui-m\u00eame. Nous pouvons vous accompagner d\u00e8s la phase de conceptualisation ou reproduire fid\u00e8lement un design sp\u00e9cifi\u00e9.&nbsp;<br><br><strong>Atelier artisanal de mosa\u00efque<\/strong>Nous r\u00e9alisons votre mosa\u00efque ou votre marqueterie de pierre dans nos ateliers en Tunisie. Votre mosa\u00efque est pr\u00e9mont\u00e9e sur une trame flexible en fibre de verre, \u00e0 l\u2019aide d\u2019une colle italienne de premi\u00e8re qualit\u00e9.\n\nSi vous souhaitez une pi\u00e8ce incrust\u00e9e, nous employons les m\u00e9thodes traditionnelles de la **Pietra Dura**, offrant \u00e0 nos m\u00e9daillons et plateaux de table un aspect patin\u00e9 et ancien.\n\nNombre de nos clients profitent de leurs voyages en M\u00e9diterran\u00e9e pour venir d\u00e9couvrir leur cr\u00e9ation en cours de r\u00e9alisation ou une fois achev\u00e9e.&nbsp;<br><br><strong>R\u00e9alisations en mosa\u00efque pour projets commerciaux :&nbsp;<\/strong>Nous proposons une assistance d\u00e9di\u00e9e aux projets h\u00f4teliers et de restauration.\n\nNous r\u00e9alisons des \u00e9chantillons de validation (strike-off) pour l\u2019harmonisation des couleurs et la d\u00e9finition des sp\u00e9cifications techniques, ainsi que des plans d\u2019ex\u00e9cution et des rendus coloris\u00e9s.&nbsp;&nbsp;<br><strong>Assistance technique \u00e0 la pose<\/strong>Pour les projets d\u2019envergure, nous proposons un accompagnement technique et des consultations directement sur chantier.&nbsp;<br><br><strong>S\u00e9lection des mat\u00e9riaux<\/strong>:&nbsp;<br>Nous sommes sp\u00e9cialis\u00e9s dans les pierres semi-pr\u00e9cieuses, traditionnellement utilis\u00e9es par les Romains et les ma\u00eetres Cosmatesques, afin de garantir que votre cr\u00e9ation finale soit aussi unique que vous le souhaitez.\n\nCependant, nous pouvons \u00e9galement int\u00e9grer des mat\u00e9riaux sp\u00e9cifiques selon votre cahier des charges, m\u00eame s\u2019ils ne figurent pas dans notre palette standard.\n\nSur demande, nous pouvons fournir un nuancier en marbre pr\u00e9sentant nos diff\u00e9rentes teintes pour les motifs d\u2019incrustation et les mosa\u00efques sur mesure.&nbsp;&nbsp;&nbsp;&nbsp;<\/p><\/div><\/div>\n<\/div>\n<\/div><\/div>","protected":false},"excerpt":{"rendered":"<p>Mosa\u00efques fa\u00e7onn\u00e9es \u00e0 la main<\/p>","protected":false},"author":1,"featured_media":0,"parent":0,"menu_order":0,"comment_status":"closed","ping_status":"closed","template":"","meta":{"_crdt_document":"","_uag_custom_page_level_css":"","site-sidebar-layout":"no-sidebar","site-content-layout":"plain-container","ast-site-content-layout":"full-width-container","site-content-style":"unboxed","site-sidebar-style":"unboxed","ast-global-header-display":"","ast-banner-title-visibility":"","ast-main-header-display":"","ast-hfb-above-header-display":"","ast-hfb-below-header-display":"","ast-hfb-mobile-header-display":"","site-post-title":"disabled","ast-breadcrumbs-content":"","ast-featured-img":"disabled","footer-sml-layout":"","ast-disable-related-posts":"","theme-transparent-header-meta":"enabled","adv-header-id-meta":"","stick-header-meta":"","header-above-stick-meta":"","header-main-stick-meta":"","header-below-stick-meta":"","astra-migrate-meta-layouts":"set","ast-page-background-enabled":"default","ast-page-background-meta":{"desktop":{"background-color":"","background-image":"","background-repeat":"repeat","background-position":"center center","background-size":"auto","background-attachment":"scroll","background-type":"","background-media":"","overlay-type":"","overlay-color":"","overlay-opacity":"","overlay-gradient":""},"tablet":{"background-color":"","background-image":"","background-repeat":"repeat","background-position":"center center","background-size":"auto","background-attachment":"scroll","background-type":"","background-media":"","overlay-type":"","overlay-color":"","overlay-opacity":"","overlay-gradient":""},"mobile":{"background-color":"","background-image":"","background-repeat":"repeat","background-position":"center center","background-size":"auto","background-attachment":"scroll","background-type":"","background-media":"","overlay-type":"","overlay-color":"","overlay-opacity":"","overlay-gradient":""}},"ast-content-background-meta":{"desktop":{"background-color":"var(--ast-global-color-5)","background-image":"","background-repeat":"repeat","background-position":"center center","background-size":"auto","background-attachment":"scroll","background-type":"","background-media":"","overlay-type":"","overlay-color":"","overlay-opacity":"","overlay-gradient":""},"tablet":{"background-color":"var(--ast-global-color-5)","background-image":"","background-repeat":"repeat","background-position":"center center","background-size":"auto","background-attachment":"scroll","background-type":"","background-media":"","overlay-type":"","overlay-color":"","overlay-opacity":"","overlay-gradient":""},"mobile":{"background-color":"var(--ast-global-color-5)","background-image":"","background-repeat":"repeat","background-position":"center center","background-size":"auto","background-attachment":"scroll","background-type":"","background-media":"","overlay-type":"","overlay-color":"","overlay-opacity":"","overlay-gradient":""}},"footnotes":""},"class_list":["post-219","page","type-page","status-publish","hentry"],"uagb_featured_image_src":{"full":false,"thumbnail":false,"medium":false,"medium_large":false,"large":false,"1536x1536":false,"2048x2048":false,"trp-custom-language-flag":false},"uagb_author_info":{"display_name":"adee4ca7_admin","author_link":"https:\/\/tunisianlimestone.com\/fr\/author\/adee4ca7_admin\/"},"uagb_comment_info":0,"uagb_excerpt":"hand cut mosaics","_links":{"self":[{"href":"https:\/\/tunisianlimestone.com\/fr\/wp-json\/wp\/v2\/pages\/219","targetHints":{"allow":["GET"]}}],"collection":[{"href":"https:\/\/tunisianlimestone.com\/fr\/wp-json\/wp\/v2\/pages"}],"about":[{"href":"https:\/\/tunisianlimestone.com\/fr\/wp-json\/wp\/v2\/types\/page"}],"author":[{"embeddable":true,"href":"https:\/\/tunisianlimestone.com\/fr\/wp-json\/wp\/v2\/users\/1"}],"replies":[{"embeddable":true,"href":"https:\/\/tunisianlimestone.com\/fr\/wp-json\/wp\/v2\/comments?post=219"}],"version-history":[{"count":13,"href":"https:\/\/tunisianlimestone.com\/fr\/wp-json\/wp\/v2\/pages\/219\/revisions"}],"predecessor-version":[{"id":1822,"href":"https:\/\/tunisianlimestone.com\/fr\/wp-json\/wp\/v2\/pages\/219\/revisions\/1822"}],"wp:attachment":[{"href":"https:\/\/tunisianlimestone.com\/fr\/wp-json\/wp\/v2\/media?parent=219"}],"curies":[{"name":"wp","href":"https:\/\/api.w.org\/{rel}","templated":true}]}}